{"id":2548,"date":"2022-12-14T17:37:11","date_gmt":"2022-12-14T17:37:11","guid":{"rendered":"https:\/\/salsaagricola.es\/who-are-we\/"},"modified":"2023-01-09T12:18:09","modified_gmt":"2023-01-09T12:18:09","slug":"who-are-we","status":"publish","type":"page","link":"https:\/\/salsaagricola.es\/en\/who-are-we\/","title":{"rendered":"About us"},"content":{"rendered":"\t\t<div data-elementor-type=\"wp-page\" data-elementor-id=\"2548\" class=\"elementor elementor-2548\" data-elementor-post-type=\"page\">\n\t\t\t\t\t\t<section class=\"elementor-section elementor-top-section elementor-element elementor-element-41a084a4 elementor-section-full_width elementor-section-height-default elementor-section-height-default\" data-id=\"41a084a4\" data-element_type=\"section\" data-settings=\"{&quot;background_background&quot;:&quot;classic&quot;}\">\n\t\t\t\t\t\t<div class=\"elementor-container elementor-column-gap-default\">\n\t\t\t\t\t<div class=\"elementor-column elementor-col-66 elementor-top-column elementor-element elementor-element-1f5821e3\" data-id=\"1f5821e3\" data-element_type=\"column\" data-settings=\"{&quot;background_background&quot;:&quot;classic&quot;}\">\n\t\t\t<div class=\"elementor-widget-wrap elementor-element-populated\">\n\t\t\t\t\t\t<section class=\"elementor-section elementor-inner-section elementor-element elementor-element-57aad27e elementor-section-full_width elementor-section-content-top elementor-section-height-default elementor-section-height-default\" data-id=\"57aad27e\" data-element_type=\"section\">\n\t\t\t\t\t\t<div class=\"elementor-container elementor-column-gap-no\">\n\t\t\t\t\t<div class=\"elementor-column elementor-col-50 elementor-inner-column elementor-element elementor-element-31963296\" data-id=\"31963296\" data-element_type=\"column\">\n\t\t\t<div class=\"elementor-widget-wrap elementor-element-populated\">\n\t\t\t\t\t\t<div class=\"elementor-element elementor-element-6a3fb28b elementor-view-default elementor-widget elementor-widget-icon\" data-id=\"6a3fb28b\" data-element_type=\"widget\" data-widget_type=\"icon.default\">\n\t\t\t\t<div class=\"elementor-widget-container\">\n\t\t\t\t\t\t\t<div class=\"elementor-icon-wrapper\">\n\t\t\t<div class=\"elementor-icon\">\n\t\t\t<i aria-hidden=\"true\" class=\"fas fa-home\"><\/i>\t\t\t<\/div>\n\t\t<\/div>\n\t\t\t\t\t\t<\/div>\n\t\t\t\t<\/div>\n\t\t\t\t\t<\/div>\n\t\t<\/div>\n\t\t\t\t<div class=\"elementor-column elementor-col-50 elementor-inner-column elementor-element elementor-element-40026de6\" data-id=\"40026de6\" data-element_type=\"column\">\n\t\t\t<div class=\"elementor-widget-wrap elementor-element-populated\">\n\t\t\t\t\t\t<div class=\"elementor-element elementor-element-6a344095 elementor-widget elementor-widget-breadcrumbs\" data-id=\"6a344095\" data-element_type=\"widget\" data-widget_type=\"breadcrumbs.default\">\n\t\t\t\t<div class=\"elementor-widget-container\">\n\t\t\t\t\t<p id=\"breadcrumbs\"><\/p>\t\t\t\t<\/div>\n\t\t\t\t<\/div>\n\t\t\t\t\t<\/div>\n\t\t<\/div>\n\t\t\t\t\t<\/div>\n\t\t<\/section>\n\t\t\t\t<div class=\"elementor-element elementor-element-3948aef4 elementor-widget elementor-widget-heading\" data-id=\"3948aef4\" data-element_type=\"widget\" data-widget_type=\"heading.default\">\n\t\t\t\t<div class=\"elementor-widget-container\">\n\t\t\t\t\t<h2 class=\"elementor-heading-title elementor-size-default\">About us<\/h2>\t\t\t\t<\/div>\n\t\t\t\t<\/div>\n\t\t\t\t\t<\/div>\n\t\t<\/div>\n\t\t\t\t<div class=\"elementor-column elementor-col-33 elementor-top-column elementor-element elementor-element-289d8a6a\" data-id=\"289d8a6a\" data-element_type=\"column\">\n\t\t\t<div class=\"elementor-widget-wrap\">\n\t\t\t\t\t\t\t<\/div>\n\t\t<\/div>\n\t\t\t\t\t<\/div>\n\t\t<\/section>\n\t\t\t\t<section class=\"elementor-section elementor-top-section elementor-element elementor-element-40aceb8f elementor-section-full_width elementor-section-height-min-height elementor-section-content-middle elementor-section-height-default elementor-section-items-middle\" data-id=\"40aceb8f\" data-element_type=\"section\">\n\t\t\t\t\t\t<div class=\"elementor-container elementor-column-gap-no\">\n\t\t\t\t\t<div class=\"elementor-column elementor-col-50 elementor-top-column elementor-element elementor-element-33d4f719\" data-id=\"33d4f719\" data-element_type=\"column\">\n\t\t\t<div class=\"elementor-widget-wrap elementor-element-populated\">\n\t\t\t\t\t\t<div class=\"elementor-element elementor-element-29cc7c95 elementor-widget elementor-widget-heading\" data-id=\"29cc7c95\" data-element_type=\"widget\" data-widget_type=\"heading.default\">\n\t\t\t\t<div class=\"elementor-widget-container\">\n\t\t\t\t\t<h1 class=\"elementor-heading-title elementor-size-default\">Salsa Agr\u00edcola<\/h1>\t\t\t\t<\/div>\n\t\t\t\t<\/div>\n\t\t\t\t<div class=\"elementor-element elementor-element-44165ad8 elementor-widget__width-initial elementor-widget elementor-widget-text-editor\" data-id=\"44165ad8\" data-element_type=\"widget\" data-widget_type=\"text-editor.default\">\n\t\t\t\t<div class=\"elementor-widget-container\">\n\t\t\t\t\t\t\t\t\t<p><strong>Salsa Agr\u00edcola<\/strong>is the company engaged in managing Grupo Sociedad Azucarera Larios\u2019s agricultural land property <strong>in the province of M\u00e1laga.<\/strong>Focusing on two main tasks: the direct management of agricultural estates and the management of rural leases of a large portion of land, as well as their conservation.<\/p>\n\t\t\t\t\t\t\t\t<\/div>\n\t\t\t\t<\/div>\n\t\t\t\t\t<\/div>\n\t\t<\/div>\n\t\t\t\t<div class=\"elementor-column elementor-col-50 elementor-top-column elementor-element elementor-element-1781ad97\" data-id=\"1781ad97\" data-element_type=\"column\">\n\t\t\t<div class=\"elementor-widget-wrap elementor-element-populated\">\n\t\t\t\t\t\t<div class=\"elementor-element elementor-element-28a850da elementor-widget__width-inherit elementor-widget-tablet__width-initial elementor-widget-mobile__width-initial elementor-invisible elementor-widget elementor-widget-image\" data-id=\"28a850da\" data-element_type=\"widget\" data-settings=\"{&quot;_animation&quot;:&quot;fadeInRight&quot;}\" data-widget_type=\"image.default\">\n\t\t\t\t<div class=\"elementor-widget-container\">\n\t\t\t\t\t\t\t\t\t\t\t\t\t\t\t<img fetchpriority=\"high\" decoding=\"async\" width=\"1250\" height=\"850\" src=\"https:\/\/salsaagricola.es\/wp-content\/uploads\/2022\/11\/escopetica.jpg\" class=\"attachment-full size-full wp-image-1611\" alt=\"\" srcset=\"https:\/\/salsaagricola.es\/wp-content\/uploads\/2022\/11\/escopetica.jpg 1250w, https:\/\/salsaagricola.es\/wp-content\/uploads\/2022\/11\/escopetica-300x204.jpg 300w, https:\/\/salsaagricola.es\/wp-content\/uploads\/2022\/11\/escopetica-1024x696.jpg 1024w, https:\/\/salsaagricola.es\/wp-content\/uploads\/2022\/11\/escopetica-768x522.jpg 768w\" sizes=\"(max-width: 1250px) 100vw, 1250px\" \/>\t\t\t\t\t\t\t\t\t\t\t\t\t\t\t<\/div>\n\t\t\t\t<\/div>\n\t\t\t\t\t<\/div>\n\t\t<\/div>\n\t\t\t\t\t<\/div>\n\t\t<\/section>\n\t\t\t\t<section class=\"elementor-section elementor-top-section elementor-element elementor-element-5b7ea2c5 elementor-section-content-top elementor-section-boxed elementor-section-height-default elementor-section-height-default\" data-id=\"5b7ea2c5\" data-element_type=\"section\" data-settings=\"{&quot;background_background&quot;:&quot;classic&quot;}\">\n\t\t\t\t\t\t\t<div class=\"elementor-background-overlay\"><\/div>\n\t\t\t\t\t\t\t<div class=\"elementor-container elementor-column-gap-no\">\n\t\t\t\t\t<div class=\"elementor-column elementor-col-50 elementor-top-column elementor-element elementor-element-46861390\" data-id=\"46861390\" data-element_type=\"column\">\n\t\t\t<div class=\"elementor-widget-wrap elementor-element-populated\">\n\t\t\t\t\t\t<div class=\"elementor-element elementor-element-2ed5b48 elementor-widget elementor-widget-heading\" data-id=\"2ed5b48\" data-element_type=\"widget\" data-widget_type=\"heading.default\">\n\t\t\t\t<div class=\"elementor-widget-container\">\n\t\t\t\t\t<h2 class=\"elementor-heading-title elementor-size-default\">Optimal management of major agricultural property\n<\/h2>\t\t\t\t<\/div>\n\t\t\t\t<\/div>\n\t\t\t\t<div class=\"elementor-element elementor-element-3059b50a elementor-widget__width-initial elementor-widget elementor-widget-text-editor\" data-id=\"3059b50a\" data-element_type=\"widget\" data-widget_type=\"text-editor.default\">\n\t\t\t\t<div class=\"elementor-widget-container\">\n\t\t\t\t\t\t\t\t\t<p>The rural lease business of land for free cultivation by farmers and for other purposes began when <strong>Sociedad Azucarera Larios S.L.\u2019<\/strong>s sugarcane production agribusiness came to an end on the M\u00e1laga coast. This activity has led to the consolidation of agricultural production in the area through family farms, mainly horticultural.<\/p>\n\t\t\t\t\t\t\t\t<\/div>\n\t\t\t\t<\/div>\n\t\t\t\t\t<\/div>\n\t\t<\/div>\n\t\t\t\t<div class=\"elementor-column elementor-col-50 elementor-top-column elementor-element elementor-element-4d87a950\" data-id=\"4d87a950\" data-element_type=\"column\">\n\t\t\t<div class=\"elementor-widget-wrap elementor-element-populated\">\n\t\t\t\t\t\t<div class=\"elementor-element elementor-element-05c54da elementor-widget__width-initial elementor-widget elementor-widget-text-editor\" data-id=\"05c54da\" data-element_type=\"widget\" data-widget_type=\"text-editor.default\">\n\t\t\t\t<div class=\"elementor-widget-container\">\n\t\t\t\t\t\t\t\t\t<p>The direct management of fruit-growing estates by <strong>Salsa Agr\u00edcola<\/strong> is relatively recent, and it focuses on avocado production. Following an extensive study of the production processes of this fruit in the region, in 2000 the first crop was planted according to innovative technical and management concepts. In 2012 this process culminated in the first intensive avocado plantation.<\/p>\n<div class=\"kc-elm kc-css-543262 kc_row kc_row_inner\">\n<div class=\"kc-elm kc-css-329570 kc_col-sm-12 kc_column_inner kc_col-sm-12\">\n<div class=\"kc_wrapper kc-col-inner-container\">\n<div class=\"kc-elm kc-css-636951 kc_text_block\">\n<p><strong>Salsa Agr\u00edcola\u2019s<\/strong> business mission is, on the one hand, the exploitation of its agricultural property in M\u00e1laga, and, on the other, keeping this land in an optimal state of physical, productive and environmental conservation.<\/p>\n<p>In this sense, as a result of our commitment to the environment, we would like to highlight the close collaboration <strong>Salsa Agr\u00edcola<\/strong> with the environmental authorities regarding the conservation of <strong>Paraje Natural de los Acantilados de Maro-Cerro Gordo,<\/strong>occupying a major part of land belonging to Grupo Sociedad Azucarera Larios, and home to Mediterranean flora and wildlife with a great environmental value.<\/p>\n<\/div>\n<\/div>\n<\/div>\n<\/div>\n\t\t\t\t\t\t\t\t<\/div>\n\t\t\t\t<\/div>\n\t\t\t\t\t<\/div>\n\t\t<\/div>\n\t\t\t\t\t<\/div>\n\t\t<\/section>\n\t\t\t\t<\/div>\n\t\t","protected":false},"excerpt":{"rendered":"<p>About us Salsa Agr\u00edcola Salsa Agr\u00edcolais the company engaged in managing Grupo Sociedad Azucarera Larios\u2019s agricultural land property in the province of M\u00e1laga.Focusing on two main tasks: the direct management of agricultural estates and the management of rural leases of a large portion of land, as well as their conservation. Optimal management of major agricultural [&hellip;]<\/p>\n","protected":false},"author":1,"featured_media":0,"parent":0,"menu_order":0,"comment_status":"closed","ping_status":"closed","template":"elementor_header_footer","meta":{"_acf_changed":false,"footnotes":""},"class_list":["post-2548","page","type-page","status-publish","hentry"],"acf":[],"yoast_head":"<!-- This site is optimized with the Yoast SEO plugin v26.6 - https:\/\/yoast.com\/wordpress\/plugins\/seo\/ -->\n<title>About us - Salsa Agr\u00edcola<\/title>\n<meta name=\"robots\" content=\"index, follow, max-snippet:-1, max-image-preview:large, max-video-preview:-1\" \/>\n<link rel=\"canonical\" href=\"https:\/\/salsaagricola.es\/quienes-somos\/\" \/>\n<meta property=\"og:locale\" content=\"en_US\" \/>\n<meta property=\"og:type\" content=\"article\" \/>\n<meta property=\"og:title\" content=\"About us - Salsa Agr\u00edcola\" \/>\n<meta property=\"og:description\" content=\"About us Salsa Agr\u00edcola Salsa Agr\u00edcolais the company engaged in managing Grupo Sociedad Azucarera Larios\u2019s agricultural land property in the province of M\u00e1laga.Focusing on two main tasks: the direct management of agricultural estates and the management of rural leases of a large portion of land, as well as their conservation. Optimal management of major agricultural [&hellip;]\" \/>\n<meta property=\"og:url\" content=\"https:\/\/salsaagricola.es\/quienes-somos\/\" \/>\n<meta property=\"og:site_name\" content=\"Salsa Agr\u00edcola\" \/>\n<meta property=\"article:modified_time\" content=\"2023-01-09T12:18:09+00:00\" \/>\n<meta property=\"og:image\" content=\"https:\/\/salsaagricola.es\/wp-content\/uploads\/2022\/11\/escopetica.jpg\" \/>\n<meta name=\"twitter:card\" content=\"summary_large_image\" \/>\n<meta name=\"twitter:label1\" content=\"Est. reading time\" \/>\n\t<meta name=\"twitter:data1\" content=\"1 minute\" \/>\n<script type=\"application\/ld+json\" class=\"yoast-schema-graph\">{\"@context\":\"https:\/\/schema.org\",\"@graph\":[{\"@type\":\"WebPage\",\"@id\":\"https:\/\/salsaagricola.es\/quienes-somos\/\",\"url\":\"https:\/\/salsaagricola.es\/quienes-somos\/\",\"name\":\"About us - Salsa Agr\u00edcola\",\"isPartOf\":{\"@id\":\"https:\/\/salsaagricola.es\/#website\"},\"primaryImageOfPage\":{\"@id\":\"https:\/\/salsaagricola.es\/quienes-somos\/#primaryimage\"},\"image\":{\"@id\":\"https:\/\/salsaagricola.es\/quienes-somos\/#primaryimage\"},\"thumbnailUrl\":\"https:\/\/salsaagricola.es\/wp-content\/uploads\/2022\/11\/escopetica.jpg\",\"datePublished\":\"2022-12-14T17:37:11+00:00\",\"dateModified\":\"2023-01-09T12:18:09+00:00\",\"inLanguage\":\"en-US\",\"potentialAction\":[{\"@type\":\"ReadAction\",\"target\":[\"https:\/\/salsaagricola.es\/quienes-somos\/\"]}]},{\"@type\":\"ImageObject\",\"inLanguage\":\"en-US\",\"@id\":\"https:\/\/salsaagricola.es\/quienes-somos\/#primaryimage\",\"url\":\"https:\/\/salsaagricola.es\/wp-content\/uploads\/2022\/11\/escopetica.jpg\",\"contentUrl\":\"https:\/\/salsaagricola.es\/wp-content\/uploads\/2022\/11\/escopetica.jpg\"},{\"@type\":\"WebSite\",\"@id\":\"https:\/\/salsaagricola.es\/#website\",\"url\":\"https:\/\/salsaagricola.es\/\",\"name\":\"Salsa Agr\u00edcola\",\"description\":\"Producci\u00f3n de aguacate y alquiler de fincas en La Axarqu\u00eda\",\"potentialAction\":[{\"@type\":\"SearchAction\",\"target\":{\"@type\":\"EntryPoint\",\"urlTemplate\":\"https:\/\/salsaagricola.es\/?s={search_term_string}\"},\"query-input\":{\"@type\":\"PropertyValueSpecification\",\"valueRequired\":true,\"valueName\":\"search_term_string\"}}],\"inLanguage\":\"en-US\"}]}<\/script>\n<!-- \/ Yoast SEO plugin. -->","yoast_head_json":{"title":"About us - Salsa Agr\u00edcola","robots":{"index":"index","follow":"follow","max-snippet":"max-snippet:-1","max-image-preview":"max-image-preview:large","max-video-preview":"max-video-preview:-1"},"canonical":"https:\/\/salsaagricola.es\/quienes-somos\/","og_locale":"en_US","og_type":"article","og_title":"About us - Salsa Agr\u00edcola","og_description":"About us Salsa Agr\u00edcola Salsa Agr\u00edcolais the company engaged in managing Grupo Sociedad Azucarera Larios\u2019s agricultural land property in the province of M\u00e1laga.Focusing on two main tasks: the direct management of agricultural estates and the management of rural leases of a large portion of land, as well as their conservation. Optimal management of major agricultural [&hellip;]","og_url":"https:\/\/salsaagricola.es\/quienes-somos\/","og_site_name":"Salsa Agr\u00edcola","article_modified_time":"2023-01-09T12:18:09+00:00","og_image":[{"url":"https:\/\/salsaagricola.es\/wp-content\/uploads\/2022\/11\/escopetica.jpg","type":"","width":"","height":""}],"twitter_card":"summary_large_image","twitter_misc":{"Est. reading time":"1 minute"},"schema":{"@context":"https:\/\/schema.org","@graph":[{"@type":"WebPage","@id":"https:\/\/salsaagricola.es\/quienes-somos\/","url":"https:\/\/salsaagricola.es\/quienes-somos\/","name":"About us - Salsa Agr\u00edcola","isPartOf":{"@id":"https:\/\/salsaagricola.es\/#website"},"primaryImageOfPage":{"@id":"https:\/\/salsaagricola.es\/quienes-somos\/#primaryimage"},"image":{"@id":"https:\/\/salsaagricola.es\/quienes-somos\/#primaryimage"},"thumbnailUrl":"https:\/\/salsaagricola.es\/wp-content\/uploads\/2022\/11\/escopetica.jpg","datePublished":"2022-12-14T17:37:11+00:00","dateModified":"2023-01-09T12:18:09+00:00","inLanguage":"en-US","potentialAction":[{"@type":"ReadAction","target":["https:\/\/salsaagricola.es\/quienes-somos\/"]}]},{"@type":"ImageObject","inLanguage":"en-US","@id":"https:\/\/salsaagricola.es\/quienes-somos\/#primaryimage","url":"https:\/\/salsaagricola.es\/wp-content\/uploads\/2022\/11\/escopetica.jpg","contentUrl":"https:\/\/salsaagricola.es\/wp-content\/uploads\/2022\/11\/escopetica.jpg"},{"@type":"WebSite","@id":"https:\/\/salsaagricola.es\/#website","url":"https:\/\/salsaagricola.es\/","name":"Salsa Agr\u00edcola","description":"Producci\u00f3n de aguacate y alquiler de fincas en La Axarqu\u00eda","potentialAction":[{"@type":"SearchAction","target":{"@type":"EntryPoint","urlTemplate":"https:\/\/salsaagricola.es\/?s={search_term_string}"},"query-input":{"@type":"PropertyValueSpecification","valueRequired":true,"valueName":"search_term_string"}}],"inLanguage":"en-US"}]}},"_links":{"self":[{"href":"https:\/\/salsaagricola.es\/en\/wp-json\/wp\/v2\/pages\/2548","targetHints":{"allow":["GET"]}}],"collection":[{"href":"https:\/\/salsaagricola.es\/en\/wp-json\/wp\/v2\/pages"}],"about":[{"href":"https:\/\/salsaagricola.es\/en\/wp-json\/wp\/v2\/types\/page"}],"author":[{"embeddable":true,"href":"https:\/\/salsaagricola.es\/en\/wp-json\/wp\/v2\/users\/1"}],"replies":[{"embeddable":true,"href":"https:\/\/salsaagricola.es\/en\/wp-json\/wp\/v2\/comments?post=2548"}],"version-history":[{"count":5,"href":"https:\/\/salsaagricola.es\/en\/wp-json\/wp\/v2\/pages\/2548\/revisions"}],"predecessor-version":[{"id":2742,"href":"https:\/\/salsaagricola.es\/en\/wp-json\/wp\/v2\/pages\/2548\/revisions\/2742"}],"wp:attachment":[{"href":"https:\/\/salsaagricola.es\/en\/wp-json\/wp\/v2\/media?parent=2548"}],"curies":[{"name":"wp","href":"https:\/\/api.w.org\/{rel}","templated":true}]}}