{"id":2550,"date":"2022-09-26T12:43:07","date_gmt":"2022-09-26T12:43:07","guid":{"rendered":"https:\/\/salsaagricola.es\/privacy-and-data-protection-policy\/"},"modified":"2023-01-26T12:05:20","modified_gmt":"2023-01-26T12:05:20","slug":"privacy-and-data-protection-policy","status":"publish","type":"page","link":"https:\/\/salsaagricola.es\/en\/privacy-and-data-protection-policy\/","title":{"rendered":"Privacy and data protection policy"},"content":{"rendered":"\t\t<div data-elementor-type=\"wp-page\" data-elementor-id=\"2550\" class=\"elementor elementor-2550\" data-elementor-post-type=\"page\">\n\t\t\t\t\t\t<section class=\"elementor-section elementor-top-section elementor-element elementor-element-c3746a5 elementor-section-full_width elementor-section-height-default elementor-section-height-default\" data-id=\"c3746a5\" data-element_type=\"section\" data-settings=\"{&quot;background_background&quot;:&quot;classic&quot;}\">\n\t\t\t\t\t\t<div class=\"elementor-container elementor-column-gap-default\">\n\t\t\t\t\t<div class=\"elementor-column elementor-col-66 elementor-top-column elementor-element elementor-element-ac12785\" data-id=\"ac12785\" data-element_type=\"column\" data-settings=\"{&quot;background_background&quot;:&quot;classic&quot;}\">\n\t\t\t<div class=\"elementor-widget-wrap elementor-element-populated\">\n\t\t\t\t\t\t<section class=\"elementor-section elementor-inner-section elementor-element elementor-element-696bd00 elementor-section-full_width elementor-section-content-top elementor-section-height-default elementor-section-height-default\" data-id=\"696bd00\" data-element_type=\"section\">\n\t\t\t\t\t\t<div class=\"elementor-container elementor-column-gap-no\">\n\t\t\t\t\t<div class=\"elementor-column elementor-col-50 elementor-inner-column elementor-element elementor-element-a5fcc0c\" data-id=\"a5fcc0c\" data-element_type=\"column\">\n\t\t\t<div class=\"elementor-widget-wrap elementor-element-populated\">\n\t\t\t\t\t\t<div class=\"elementor-element elementor-element-b901fae elementor-view-default elementor-widget elementor-widget-icon\" data-id=\"b901fae\" data-element_type=\"widget\" data-widget_type=\"icon.default\">\n\t\t\t\t<div class=\"elementor-widget-container\">\n\t\t\t\t\t\t\t<div class=\"elementor-icon-wrapper\">\n\t\t\t<div class=\"elementor-icon\">\n\t\t\t<i aria-hidden=\"true\" class=\"fas fa-home\"><\/i>\t\t\t<\/div>\n\t\t<\/div>\n\t\t\t\t\t\t<\/div>\n\t\t\t\t<\/div>\n\t\t\t\t\t<\/div>\n\t\t<\/div>\n\t\t\t\t<div class=\"elementor-column elementor-col-50 elementor-inner-column elementor-element elementor-element-ea5813e\" data-id=\"ea5813e\" data-element_type=\"column\">\n\t\t\t<div class=\"elementor-widget-wrap elementor-element-populated\">\n\t\t\t\t\t\t<div class=\"elementor-element elementor-element-ce014d3 elementor-widget elementor-widget-breadcrumbs\" data-id=\"ce014d3\" data-element_type=\"widget\" data-widget_type=\"breadcrumbs.default\">\n\t\t\t\t<div class=\"elementor-widget-container\">\n\t\t\t\t\t<p id=\"breadcrumbs\"><\/p>\t\t\t\t<\/div>\n\t\t\t\t<\/div>\n\t\t\t\t\t<\/div>\n\t\t<\/div>\n\t\t\t\t\t<\/div>\n\t\t<\/section>\n\t\t\t\t<div class=\"elementor-element elementor-element-96bb3d6 elementor-widget elementor-widget-heading\" data-id=\"96bb3d6\" data-element_type=\"widget\" data-widget_type=\"heading.default\">\n\t\t\t\t<div class=\"elementor-widget-container\">\n\t\t\t\t\t<h2 class=\"elementor-heading-title elementor-size-default\">Privacy policy<\/h2>\t\t\t\t<\/div>\n\t\t\t\t<\/div>\n\t\t\t\t\t<\/div>\n\t\t<\/div>\n\t\t\t\t<div class=\"elementor-column elementor-col-33 elementor-top-column elementor-element elementor-element-6064ce7\" data-id=\"6064ce7\" data-element_type=\"column\">\n\t\t\t<div class=\"elementor-widget-wrap\">\n\t\t\t\t\t\t\t<\/div>\n\t\t<\/div>\n\t\t\t\t\t<\/div>\n\t\t<\/section>\n\t\t\t\t<section class=\"elementor-section elementor-top-section elementor-element elementor-element-0fd2c5a elementor-section-boxed elementor-section-height-default elementor-section-height-default\" data-id=\"0fd2c5a\" data-element_type=\"section\" data-settings=\"{&quot;background_background&quot;:&quot;classic&quot;}\">\n\t\t\t\t\t\t<div class=\"elementor-container elementor-column-gap-default\">\n\t\t\t\t\t<div class=\"elementor-column elementor-col-100 elementor-top-column elementor-element elementor-element-f992013\" data-id=\"f992013\" data-element_type=\"column\">\n\t\t\t<div class=\"elementor-widget-wrap elementor-element-populated\">\n\t\t\t\t\t\t<div class=\"elementor-element elementor-element-fa1b417 elementor-widget elementor-widget-text-editor\" data-id=\"fa1b417\" data-element_type=\"widget\" data-widget_type=\"text-editor.default\">\n\t\t\t\t<div class=\"elementor-widget-container\">\n\t\t\t\t\t\t\t\t\t<p>Pursuant to Regulation (EU) No 2016\/679 of the European Parliament and of the Council of 27 April 2016 on the protection of individuals with regard to the processing of personal data and on the free movement of such data (GDPR), as well as in compliance with Organic Act 3\/2018, of 5 December, regarding the Protection of Personal Data and the guarantee of Digital Rights (LOPDGDD), this next section sets out how personal data are processed through the website www.salsaagricola.es<\/p><p><strong>DATA CONTROLLER<\/strong><\/p><p>The Data Controller, responsible for processing the data collected, is SALSA AGR\u00cdCOLA S.L. (hereinafter, SALSA AGR\u00cdCOLA), N.I.F.: B-92541085; with registered offices at C\/ Mart\u00ednez, n\u00ba 11, 4\u00aa. 29005. M\u00e1laga; tel: 952 54 93 84; e-mail: <a href=\"mailto:agr%C3%ADcola@salsa.es\">agricola@salsa.es<\/a>. In relation to the section \u201cJob Opportunities\u201d, any personal data gathered will be processed, on the basis of the provisions of Article 26 of the GDPR, jointly by SALSA AGR\u00cdCOLA and the following companies:<\/p><ul><li>SOCIEDAD AZUCARERA LARIOS S.L., N.I.F.: B29000288; with registered offices at: Calle Mart\u00ednez, N\u00ba 11, 4\u00ba Planta. CP 29005 M\u00e1laga; tel. 952 12 02 25; e-mail: <a href=\"mailto:info@salsa.es\">info@salsa.es.<\/a><\/li><li>SOCIEDAD AZUCARERA LARIOS IMOBILIARIA S.L., NIF.: B-93516540; with registered offices at C\/ Mart\u00ednez, n\u00ba 11, 4\u00aa. 29005. M\u00e1laga; telf.: 952 12 02 25; e-mail: <a href=\"mailto:info@salsa.es\">info@salsa.es<\/a>.<\/li><li>SOCIEDAD AZUCARERA LARIOS PATRIMONIO S.L., N.I.F.: B29650702; with registered offices at C\/ Mart\u00ednez, n\u00b0 11, 4\u00aa. M\u00e1laga; tel. (+34) 952 12 05 05; e-mail: <a href=\"mailto:alquileres@salsa.es\">alquileres@salsa.es.<\/a><\/li><\/ul><p>The system of co-responsibility applicable dictates that decisions regarding the purposes and means of data processing carried out are reached jointly by all the aforementioned entities.<\/p><p>These entities have signed a co-responsibility agreement in which they undertake to work together to attend to the exercising of rights by interested parties as specified in this privacy policy, as well as to comply with the same standards in terms of privacy and data protection.<\/p><p><strong>WHAT IS THE PURPOSE OF PROCESSING YOUR DATA?<\/strong><\/p><p>Depending on the different forms, services, or content you access, your data may be processed for the following purposes:<\/p><ul><li><u>Job Opportunities:<\/u> The information collected through this form is intended to engage the User in our recruitment processes. The data collected are personal details, information about training and education, experience, and other data from their CV provided by the interested party.<\/li><\/ul><ul><li><u>Contact form and WhatsApp channel<\/u>: If the user completes the contact form, or contacts us using the WhatsApp messaging system, their data will be used for the purpose of responding to the query or request for information made. The data collected in this case will be their personal details and contact information, as well as information about the query or request made.<\/li><\/ul><p><strong>LEGITIMATE GROUNDS FOR DATA PROCESSING<\/strong><\/p><p>The legal grounds for processing the personal data collected by SALSA AGR\u00cdCOLA are based on different legal precepts, depending on the context of data collection and processing:<\/p><ul><li><u>Job Opportunities:<\/u> The legitimate grounds for processing in this case are the enforcement of the pre-contractual relationship between the parties, in the terms of Article 6.1.b) of the GDPR.<\/li><\/ul><ul><li><u>Contact form:<\/u> The legitimate grounds for processing in this case are the consent given, in the terms of Article 6.1.a) of the GDPR. Users can withdraw their consent at any time. This will not affect the lawfulness of any processing activity carried out prior to this withdrawal of consent.<\/li><\/ul><p><strong>DATA TRANSFER<\/strong><\/p><p>Data will only be communicated when necessary for the fulfilment of legal obligations imposed on the Data Controller, when this data transfer is compulsory. They may also be transferred to provide adequate services, in which case we will inform the user in advance about the context of the data transfer, within the limits established by law. Outside of the cases indicated above, the consent of the interested party will be necessary for the transfer of data to a third party.<\/p><p><strong>DATA RETENTION PERIOD<\/strong><\/p><p>The data retention period will vary depending on the type of processing:<\/p><ul><li><u>Job Opportunities:<\/u> If you send us your CV, the information will be kept for a maximum period of two years. After this period, your data will be erased from our system.<\/li><\/ul><ul><li><u>Contact form and WhatsApp channel<\/u>: Information provided through the contact form or the WhatsApp instant messaging service will be retained for the period necessary to respond to the query or request for information made by the user. Subsequently, the data will be deleted, unless the nature of the query or request requires the data to be retained for other purposes, in which case we will inform you about the purpose of processing said data, the retention period, and recipients of data, in the corresponding terms.<\/li><\/ul><p><strong>HOW DO WE PROTECT YOUR DATA?<\/strong><\/p><p>SALSA AGR\u00cdCOLA uses state-of-the-art technologies to protect your data and personal information. Our web page is hosted by secure servers protected against the most common types of attacks. SALSA AGR\u00cdCOLA has technical and organisational measures in place that guarantee the security of personal data and prevent its alteration, loss, treatment, or unauthorised access, taking into account the current state of technology, the nature of the data stored, and the risks to which it is exposed.<\/p><p><strong>ACCURATE UP-TO-DATE INFORMATION<\/strong><\/p><p>All information provided by the user must be true and accurate. To this end, the User must ensure the authenticity of all the data provided through the corresponding forms. To register and \/ or fill out any form, the User will have to provide all the data shown on these forms as required, ensuring that the data provided are accurate and portray reality. SALSA AGR\u00cdCOLA must be informed of any changes to your details as soon as possible. In any case, the User will be solely responsible for any false or inaccurate statements made, and for any damage caused to SALSA AGR\u00cdCOLA or to third parties, as a result of the information provided. Failure to communicate or the incomplete communication of required personal data may make it impossible to provide the requested service.<\/p><p><strong>DATA PROTECTION RIGHTS<\/strong><\/p><p>The General Data Protection Regulation recognises different rights for interested parties in relation to the processing of their personal data. Below, we inform you about each of these rights and indicate the channels through which you can address, where appropriate, the corresponding request:<\/p><table width=\"0\"><tbody><tr><td width=\"207\"><strong>TYPE OF RIGHT<\/strong><\/td><td width=\"349\"><strong>DESCRIPTION<\/strong><\/td><\/tr><tr><td width=\"207\"><strong>ERASURE<\/strong><\/td><td width=\"349\"><p>You will have the right to the erasure of your personal data when any of the following circumstances occur:<\/p><p>\u2022 The data are not necessary in relation to the purposes for which they were initially collected or processed;<\/p><p>\u2022 You withdraw consent, provided that the processing of your data is not based on different legal grounds that justify continued processing;<\/p><p>\u2022 You oppose the processing, and there are no other legitimate reasons to continue processing your data;<\/p><p>\u2022 The corresponding data have been processed unlawfully.<\/p><\/td><\/tr><tr><td width=\"207\"><strong>ACCESS<\/strong><\/td><td width=\"349\">You have the right to obtain confirmation as to whether or not personal data concerning you are being processed, as well as access to the following information: the purposes of processing said data; the categories of data being processed; the recipients or categories of recipients to whom they have been or will be communicated; if possible, the envisaged period for which personal data will be stored, or, if not possible, the criteria used to determine that period.<\/td><\/tr><tr><td width=\"207\"><strong>RECTIFICATION<\/strong><\/td><td width=\"349\">You have the right to obtain the rectification of inaccurate personal data concerning you. In addition, taking into account the purposes of the processing, you have the right to have incomplete personal data completed, including by means of a supplementary statement. To do this, you must indicate in your request which data you are referring to and the correction that we must make; you must also provide, where necessary, documentation justifying the inaccuracy or incomplete nature of the data subject to processing.<\/td><\/tr><tr><td width=\"207\"><strong>LIMITATION<\/strong><\/td><td width=\"349\"><p>You have the right to limit the processing of data when one of the following conditions is met:<\/p><p>\u2022 Where you have challenged the accuracy of your personal data, for as long as it allows the Company to verify the accuracy of your personal data;<\/p><p>\u2022 in the event that you consider the processing to be unlawful, have opposed the full erasure of the personal data, and instead request the limitation of its use;<\/p><p>\u2022 the Company no longer needs the personal data for the purposes of the processing, but the User needs them in order to formulate, exercise, or defend claims.<\/p><p>\u2022 In the event that you have opposed processing, while verifying whether the legitimate reasons of the Company prevail over yours.<\/p><\/td><\/tr><tr><td width=\"207\"><strong>PORTABILITY<\/strong><\/td><td width=\"349\">You have the right to receive the personal data concerning you, which you have provided to the Company, in a structured, commonly used and machine-readable format, and to transmit them to another data controller without being prevented from doing so by the Company, when processing is based on consent and carried out by automated means. By exercising your right to data portability, you have the right to have personal data transmitted directly from controller to controller where technically possible. This right to portability shall not apply to processing necessary for the performance of a task carried out in the public interest or in the exercise of public authority. The right to portability shall not extend to data that the Company may have inferred from data derived directly from the use of the services provided.<\/td><\/tr><tr><td width=\"207\"><strong>OPPOSITION<\/strong><\/td><td width=\"349\">You have the right to object to the processing of data concerning you at any time, including profiling. In the event that you exercise this right, the Company will no longer process your personal data, unless we can demonstrate compelling legitimate grounds for the processing to override your interests, rights and freedoms, or for the formulation, exercise or defence of legal claims.<\/td><\/tr><tr><td width=\"207\"><strong>AUTOMATED DECISIONS<\/strong><\/td><td width=\"349\">The interested party shall have the right not to be subject to a decision based solely on automated processing, including profiling, which produces legal effects or significantly affects them in a similar way.<\/td><\/tr><tr><td colspan=\"2\" width=\"557\"><strong>CHANNELS TO EFFECTIVELY EXERCISE THESE RIGHTS:<\/strong><\/td><\/tr><tr><td colspan=\"2\" width=\"557\"><p>To exercise any of the rights indicated in the previous sections, you can send an email to <a href=\"mailto:rgpd@salsa.es\">rgpd@salsa.es<\/a> or write to the following address: C\/ Mart\u00ednez, n\u00ba 11, 4\u00aa Planta, C.P. 29005 M\u00e1laga.<\/p><p>If you consider that your data protection rights have been violated, especially when you have not obtained satisfaction in the exercise of your rights, you can file a claim with the Spanish Data Protection Agency. The contact details of this supervisory authority are as follows:<\/p><p>\u00b7 Postal address: Calle Jorge Juan n\u00ba 6, CP 28001, Madrid<\/p><p>\u00b7 Website address: <a href=\"http:\/\/www.aepd.es\/\">www.aepd.es<\/a><\/p><p>\u00b7 Tel: 901 100 099\/ 912 663 517<\/p><\/td><\/tr><\/tbody><\/table><p><strong>CHANGES TO THIS PRIVACY POLICY<\/strong><\/p><p>SALSA AGR\u00cdCOLA reserves the right to amend this Privacy Policy in line with new legislation or jurisprudence, as well as industry practices. In such cases, SALSA AGR\u00cdCOLA will announce the changes made on this page reasonably in advance of their implementation.<\/p><p>Last update: 16 January 2023<\/p>\t\t\t\t\t\t\t\t<\/div>\n\t\t\t\t<\/div>\n\t\t\t\t\t<\/div>\n\t\t<\/div>\n\t\t\t\t\t<\/div>\n\t\t<\/section>\n\t\t\t\t<\/div>\n\t\t","protected":false},"excerpt":{"rendered":"<p>Privacy policy Pursuant to Regulation (EU) No 2016\/679 of the European Parliament and of the Council of 27 April 2016 on the protection of individuals with regard to the processing of personal data and on the free movement of such data (GDPR), as well as in compliance with Organic Act 3\/2018, of 5 December, regarding [&hellip;]<\/p>\n","protected":false},"author":1,"featured_media":0,"parent":0,"menu_order":0,"comment_status":"closed","ping_status":"closed","template":"elementor_header_footer","meta":{"_acf_changed":false,"footnotes":""},"class_list":["post-2550","page","type-page","status-publish","hentry"],"acf":[],"yoast_head":"<!-- This site is optimized with the Yoast SEO plugin v26.6 - https:\/\/yoast.com\/wordpress\/plugins\/seo\/ -->\n<title>Privacy and data protection policy - Salsa Agr\u00edcola<\/title>\n<meta name=\"robots\" content=\"index, follow, max-snippet:-1, max-image-preview:large, max-video-preview:-1\" \/>\n<link rel=\"canonical\" href=\"https:\/\/salsaagricola.es\/politica-de-privacidad\/\" \/>\n<meta property=\"og:locale\" content=\"en_US\" \/>\n<meta property=\"og:type\" content=\"article\" \/>\n<meta property=\"og:title\" content=\"Privacy and data protection policy - Salsa Agr\u00edcola\" \/>\n<meta property=\"og:description\" content=\"Privacy policy Pursuant to Regulation (EU) No 2016\/679 of the European Parliament and of the Council of 27 April 2016 on the protection of individuals with regard to the processing of personal data and on the free movement of such data (GDPR), as well as in compliance with Organic Act 3\/2018, of 5 December, regarding [&hellip;]\" \/>\n<meta property=\"og:url\" content=\"https:\/\/salsaagricola.es\/politica-de-privacidad\/\" \/>\n<meta property=\"og:site_name\" content=\"Salsa Agr\u00edcola\" \/>\n<meta property=\"article:modified_time\" content=\"2023-01-26T12:05:20+00:00\" \/>\n<meta name=\"twitter:card\" content=\"summary_large_image\" \/>\n<meta name=\"twitter:label1\" content=\"Est. reading time\" \/>\n\t<meta name=\"twitter:data1\" content=\"8 minutes\" \/>\n<script type=\"application\/ld+json\" class=\"yoast-schema-graph\">{\"@context\":\"https:\/\/schema.org\",\"@graph\":[{\"@type\":\"WebPage\",\"@id\":\"https:\/\/salsaagricola.es\/politica-de-privacidad\/\",\"url\":\"https:\/\/salsaagricola.es\/politica-de-privacidad\/\",\"name\":\"Privacy and data protection policy - Salsa Agr\u00edcola\",\"isPartOf\":{\"@id\":\"https:\/\/salsaagricola.es\/#website\"},\"datePublished\":\"2022-09-26T12:43:07+00:00\",\"dateModified\":\"2023-01-26T12:05:20+00:00\",\"inLanguage\":\"en-US\",\"potentialAction\":[{\"@type\":\"ReadAction\",\"target\":[\"https:\/\/salsaagricola.es\/politica-de-privacidad\/\"]}]},{\"@type\":\"WebSite\",\"@id\":\"https:\/\/salsaagricola.es\/#website\",\"url\":\"https:\/\/salsaagricola.es\/\",\"name\":\"Salsa Agr\u00edcola\",\"description\":\"Producci\u00f3n de aguacate y alquiler de fincas en La Axarqu\u00eda\",\"potentialAction\":[{\"@type\":\"SearchAction\",\"target\":{\"@type\":\"EntryPoint\",\"urlTemplate\":\"https:\/\/salsaagricola.es\/?s={search_term_string}\"},\"query-input\":{\"@type\":\"PropertyValueSpecification\",\"valueRequired\":true,\"valueName\":\"search_term_string\"}}],\"inLanguage\":\"en-US\"}]}<\/script>\n<!-- \/ Yoast SEO plugin. -->","yoast_head_json":{"title":"Privacy and data protection policy - Salsa Agr\u00edcola","robots":{"index":"index","follow":"follow","max-snippet":"max-snippet:-1","max-image-preview":"max-image-preview:large","max-video-preview":"max-video-preview:-1"},"canonical":"https:\/\/salsaagricola.es\/politica-de-privacidad\/","og_locale":"en_US","og_type":"article","og_title":"Privacy and data protection policy - Salsa Agr\u00edcola","og_description":"Privacy policy Pursuant to Regulation (EU) No 2016\/679 of the European Parliament and of the Council of 27 April 2016 on the protection of individuals with regard to the processing of personal data and on the free movement of such data (GDPR), as well as in compliance with Organic Act 3\/2018, of 5 December, regarding [&hellip;]","og_url":"https:\/\/salsaagricola.es\/politica-de-privacidad\/","og_site_name":"Salsa Agr\u00edcola","article_modified_time":"2023-01-26T12:05:20+00:00","twitter_card":"summary_large_image","twitter_misc":{"Est. reading time":"8 minutes"},"schema":{"@context":"https:\/\/schema.org","@graph":[{"@type":"WebPage","@id":"https:\/\/salsaagricola.es\/politica-de-privacidad\/","url":"https:\/\/salsaagricola.es\/politica-de-privacidad\/","name":"Privacy and data protection policy - Salsa Agr\u00edcola","isPartOf":{"@id":"https:\/\/salsaagricola.es\/#website"},"datePublished":"2022-09-26T12:43:07+00:00","dateModified":"2023-01-26T12:05:20+00:00","inLanguage":"en-US","potentialAction":[{"@type":"ReadAction","target":["https:\/\/salsaagricola.es\/politica-de-privacidad\/"]}]},{"@type":"WebSite","@id":"https:\/\/salsaagricola.es\/#website","url":"https:\/\/salsaagricola.es\/","name":"Salsa Agr\u00edcola","description":"Producci\u00f3n de aguacate y alquiler de fincas en La Axarqu\u00eda","potentialAction":[{"@type":"SearchAction","target":{"@type":"EntryPoint","urlTemplate":"https:\/\/salsaagricola.es\/?s={search_term_string}"},"query-input":{"@type":"PropertyValueSpecification","valueRequired":true,"valueName":"search_term_string"}}],"inLanguage":"en-US"}]}},"_links":{"self":[{"href":"https:\/\/salsaagricola.es\/en\/wp-json\/wp\/v2\/pages\/2550","targetHints":{"allow":["GET"]}}],"collection":[{"href":"https:\/\/salsaagricola.es\/en\/wp-json\/wp\/v2\/pages"}],"about":[{"href":"https:\/\/salsaagricola.es\/en\/wp-json\/wp\/v2\/types\/page"}],"author":[{"embeddable":true,"href":"https:\/\/salsaagricola.es\/en\/wp-json\/wp\/v2\/users\/1"}],"replies":[{"embeddable":true,"href":"https:\/\/salsaagricola.es\/en\/wp-json\/wp\/v2\/comments?post=2550"}],"version-history":[{"count":20,"href":"https:\/\/salsaagricola.es\/en\/wp-json\/wp\/v2\/pages\/2550\/revisions"}],"predecessor-version":[{"id":2823,"href":"https:\/\/salsaagricola.es\/en\/wp-json\/wp\/v2\/pages\/2550\/revisions\/2823"}],"wp:attachment":[{"href":"https:\/\/salsaagricola.es\/en\/wp-json\/wp\/v2\/media?parent=2550"}],"curies":[{"name":"wp","href":"https:\/\/api.w.org\/{rel}","templated":true}]}}